{"id":3842,"date":"2023-07-27T14:47:44","date_gmt":"2023-07-27T12:47:44","guid":{"rendered":"https:\/\/www.instantbeautebienetre.fr\/rechtliche-hinweise\/"},"modified":"2026-04-09T13:30:11","modified_gmt":"2026-04-09T11:30:11","slug":"rechtliche-hinweise","status":"publish","type":"page","link":"https:\/\/www.instantbeautebienetre.fr\/de\/rechtliche-hinweise\/","title":{"rendered":"Rechtliche Hinweise"},"content":{"rendered":"<div class=\"gb-container gb-container-bd7576cb\">\n\n<h3 class=\"wp-block-heading\">1. Gesetzliche Informationen<\/h3>\n\n\n\n<p>Gem\u00e4\u00df Artikel 6-III und 19 des Gesetzes f\u00fcr Vertrauen in der digitalen Wirtschaft informieren wir Sie, dass diese Website von :<\/p>\n\n\n\n<p>OVH SAS mit einem Kapital von 10.069.020 \u20ac.<\/p>\n\n\n\n<p>RCS Lille M\u00e9tropole 424 761 419 00045<\/p>\n\n\n\n<p>APE-Code 2620Z<\/p>\n\n\n\n<p>MWST.-NR.: FR 22 424 761 419<\/p>\n\n\n\n<p>Eingetragener Sitz: 2 rue Kellermann &#8211; 59100 Roubaix &#8211; Frankreich<\/p>\n\n\n\n<h3 class=\"wp-block-heading\">2. Copyright und geistiges Eigentum<\/h3>\n\n\n\n<p>Alle Elemente auf unserer Website sind durch die Bestimmungen des Gesetzes \u00fcber geistiges Eigentum gesch\u00fctzt. Daher ist jede vollst\u00e4ndige oder teilweise Vervielf\u00e4ltigung oder Nachahmung ohne unsere ausdr\u00fcckliche, vorherige und schriftliche Genehmigung untersagt. <\/p>\n\n\n\n<p>Es ist ausdr\u00fccklich verboten, die auf der Website verf\u00fcgbaren Informationen f\u00fcr kommerzielle Zwecke zu sammeln und zu nutzen.<\/p>\n\n\n\n<p>Dieses Verbot erstreckt sich insbesondere, aber nicht ausschlie\u00dflich, auf alle redaktionellen Elemente auf der Website, die Bildschirmdarstellung, die f\u00fcr den Betrieb erforderliche Software, Logos, Bilder, Fotos, Grafiken, welcher Art auch immer.<\/p>\n\n\n\n<h3 class=\"wp-block-heading\">3. Cookies<\/h3>\n\n\n\n<p>Diese Website verwendet Cookies, und der Webserver sammelt Informationen dar\u00fcber, wie unsere Website genutzt wird. Zu den gesammelten Informationen geh\u00f6ren z.B. Datum und Uhrzeit der Besuche, die Anzahl der Seitenaufrufe und die Zeit, die Sie auf unserer Website verbringen. <\/p>\n\n\n\n<p>Die gesammelten Informationen werden nicht f\u00fcr andere Zwecke verwendet, insbesondere werden sie ohne Ihre Zustimmung nicht f\u00fcr kommerzielle Zwecke verwendet.<\/p>\n\n\n\n<p>Cookies sind kleine Textdateien, die eine anonyme Kennung enthalten. Wenn Sie eine Website besuchen, fragt die Website Ihren Computer um Erlaubnis, diese Datei in einem speziellen Cookie-Verzeichnis auf Ihrer Festplatte zu speichern. Um Ihre Privatsph\u00e4re zu sch\u00fctzen, erlaubt Ihr Browser einer Website jedoch nur den Zugriff auf das Cookie, das sie selbst gespeichert hat, und nicht auf Cookies, die von anderen Websites gespeichert wurden.  <\/p>\n\n<\/div>","protected":false},"excerpt":{"rendered":"<p>1. Gesetzliche Informationen Gem\u00e4\u00df Artikel 6-III und 19 des Gesetzes f\u00fcr Vertrauen in der digitalen Wirtschaft informieren wir Sie, dass diese Website von : OVH SAS mit einem Kapital von 10.069.020 \u20ac. RCS Lille M\u00e9tropole 424 761 419 00045 APE-Code 2620Z MWST.-NR.: FR 22 424 761 419 Eingetragener Sitz: 2 &#8230; <a title=\"Rechtliche Hinweise\" class=\"read-more\" href=\"https:\/\/www.instantbeautebienetre.fr\/de\/rechtliche-hinweise\/\" aria-label=\"Mehr zu Rechtliche Hinweise\">Voir plus<\/a><\/p>\n","protected":false},"author":1,"featured_media":0,"parent":0,"menu_order":0,"comment_status":"closed","ping_status":"closed","template":"","meta":{"footnotes":""},"class_list":["post-3842","page","type-page","status-publish"],"yoast_head":"<!-- This site is optimized with the Yoast SEO plugin v22.6 - https:\/\/yoast.com\/wordpress\/plugins\/seo\/ -->\n<title>Rechtliche Hinweise - Instant Beaute Bien \u00catre<\/title>\n<meta name=\"robots\" content=\"noindex, nofollow\" \/>\n<meta property=\"og:locale\" content=\"de_DE\" \/>\n<meta property=\"og:type\" content=\"article\" \/>\n<meta property=\"og:title\" content=\"Rechtliche Hinweise - Instant Beaute Bien \u00catre\" \/>\n<meta property=\"og:description\" content=\"1. Gesetzliche Informationen Gem\u00e4\u00df Artikel 6-III und 19 des Gesetzes f\u00fcr Vertrauen in der digitalen Wirtschaft informieren wir Sie, dass diese Website von : OVH SAS mit einem Kapital von 10.069.020 \u20ac. RCS Lille M\u00e9tropole 424 761 419 00045 APE-Code 2620Z MWST.-NR.: FR 22 424 761 419 Eingetragener Sitz: 2 ... Voir plus\" \/>\n<meta property=\"og:url\" content=\"https:\/\/www.instantbeautebienetre.fr\/de\/rechtliche-hinweise\/\" \/>\n<meta property=\"og:site_name\" content=\"Instant Beaute Bien \u00catre\" \/>\n<meta property=\"article:modified_time\" content=\"2026-04-09T11:30:11+00:00\" \/>\n<meta name=\"twitter:card\" content=\"summary_large_image\" \/>\n<meta name=\"twitter:label1\" content=\"Gesch\u00e4tzte Lesezeit\" \/>\n\t<meta name=\"twitter:data1\" content=\"1\u00a0Minute\" \/>\n<script type=\"application\/ld+json\" class=\"yoast-schema-graph\">{\"@context\":\"https:\/\/schema.org\",\"@graph\":[{\"@type\":\"WebPage\",\"@id\":\"https:\/\/www.instantbeautebienetre.fr\/de\/rechtliche-hinweise\/\",\"url\":\"https:\/\/www.instantbeautebienetre.fr\/de\/rechtliche-hinweise\/\",\"name\":\"Rechtliche Hinweise - Instant Beaute Bien \u00catre\",\"isPartOf\":{\"@id\":\"https:\/\/www.instantbeautebienetre.fr\/de\/#website\"},\"datePublished\":\"2023-07-27T12:47:44+00:00\",\"dateModified\":\"2026-04-09T11:30:11+00:00\",\"breadcrumb\":{\"@id\":\"https:\/\/www.instantbeautebienetre.fr\/de\/rechtliche-hinweise\/#breadcrumb\"},\"inLanguage\":\"de\",\"potentialAction\":[{\"@type\":\"ReadAction\",\"target\":[\"https:\/\/www.instantbeautebienetre.fr\/de\/rechtliche-hinweise\/\"]}]},{\"@type\":\"BreadcrumbList\",\"@id\":\"https:\/\/www.instantbeautebienetre.fr\/de\/rechtliche-hinweise\/#breadcrumb\",\"itemListElement\":[{\"@type\":\"ListItem\",\"position\":1,\"name\":\"Accueil\",\"item\":\"https:\/\/www.instantbeautebienetre.fr\/de\/tipps-und-inspirationen-zur-verbesserung-ihres-aussehens\/\"},{\"@type\":\"ListItem\",\"position\":2,\"name\":\"Rechtliche Hinweise\"}]},{\"@type\":\"WebSite\",\"@id\":\"https:\/\/www.instantbeautebienetre.fr\/de\/#website\",\"url\":\"https:\/\/www.instantbeautebienetre.fr\/de\/\",\"name\":\"Instant Beaute Bien \u00catre\",\"description\":\"\",\"publisher\":{\"@id\":\"https:\/\/www.instantbeautebienetre.fr\/de\/#organization\"},\"potentialAction\":[{\"@type\":\"SearchAction\",\"target\":{\"@type\":\"EntryPoint\",\"urlTemplate\":\"https:\/\/www.instantbeautebienetre.fr\/de\/?s={search_term_string}\"},\"query-input\":\"required name=search_term_string\"}],\"inLanguage\":\"de\"},{\"@type\":\"Organization\",\"@id\":\"https:\/\/www.instantbeautebienetre.fr\/de\/#organization\",\"name\":\"Instant Beaute Bien \u00catre\",\"url\":\"https:\/\/www.instantbeautebienetre.fr\/de\/\",\"logo\":{\"@type\":\"ImageObject\",\"inLanguage\":\"de\",\"@id\":\"https:\/\/www.instantbeautebienetre.fr\/de\/#\/schema\/logo\/image\/\",\"url\":\"https:\/\/www.instantbeautebienetre.fr\/wp-content\/uploads\/2023\/07\/cropped-pbn.png\",\"contentUrl\":\"https:\/\/www.instantbeautebienetre.fr\/wp-content\/uploads\/2023\/07\/cropped-pbn.png\",\"width\":263,\"height\":313,\"caption\":\"Instant Beaute Bien \u00catre\"},\"image\":{\"@id\":\"https:\/\/www.instantbeautebienetre.fr\/de\/#\/schema\/logo\/image\/\"}}]}<\/script>\n<!-- \/ Yoast SEO plugin. -->","yoast_head_json":{"title":"Rechtliche Hinweise - Instant Beaute Bien \u00catre","robots":{"index":"noindex","follow":"nofollow"},"og_locale":"de_DE","og_type":"article","og_title":"Rechtliche Hinweise - Instant Beaute Bien \u00catre","og_description":"1. Gesetzliche Informationen Gem\u00e4\u00df Artikel 6-III und 19 des Gesetzes f\u00fcr Vertrauen in der digitalen Wirtschaft informieren wir Sie, dass diese Website von : OVH SAS mit einem Kapital von 10.069.020 \u20ac. RCS Lille M\u00e9tropole 424 761 419 00045 APE-Code 2620Z MWST.-NR.: FR 22 424 761 419 Eingetragener Sitz: 2 ... Voir plus","og_url":"https:\/\/www.instantbeautebienetre.fr\/de\/rechtliche-hinweise\/","og_site_name":"Instant Beaute Bien \u00catre","article_modified_time":"2026-04-09T11:30:11+00:00","twitter_card":"summary_large_image","twitter_misc":{"Gesch\u00e4tzte Lesezeit":"1\u00a0Minute"},"schema":{"@context":"https:\/\/schema.org","@graph":[{"@type":"WebPage","@id":"https:\/\/www.instantbeautebienetre.fr\/de\/rechtliche-hinweise\/","url":"https:\/\/www.instantbeautebienetre.fr\/de\/rechtliche-hinweise\/","name":"Rechtliche Hinweise - Instant Beaute Bien \u00catre","isPartOf":{"@id":"https:\/\/www.instantbeautebienetre.fr\/de\/#website"},"datePublished":"2023-07-27T12:47:44+00:00","dateModified":"2026-04-09T11:30:11+00:00","breadcrumb":{"@id":"https:\/\/www.instantbeautebienetre.fr\/de\/rechtliche-hinweise\/#breadcrumb"},"inLanguage":"de","potentialAction":[{"@type":"ReadAction","target":["https:\/\/www.instantbeautebienetre.fr\/de\/rechtliche-hinweise\/"]}]},{"@type":"BreadcrumbList","@id":"https:\/\/www.instantbeautebienetre.fr\/de\/rechtliche-hinweise\/#breadcrumb","itemListElement":[{"@type":"ListItem","position":1,"name":"Accueil","item":"https:\/\/www.instantbeautebienetre.fr\/de\/tipps-und-inspirationen-zur-verbesserung-ihres-aussehens\/"},{"@type":"ListItem","position":2,"name":"Rechtliche Hinweise"}]},{"@type":"WebSite","@id":"https:\/\/www.instantbeautebienetre.fr\/de\/#website","url":"https:\/\/www.instantbeautebienetre.fr\/de\/","name":"Instant Beaute Bien \u00catre","description":"","publisher":{"@id":"https:\/\/www.instantbeautebienetre.fr\/de\/#organization"},"potentialAction":[{"@type":"SearchAction","target":{"@type":"EntryPoint","urlTemplate":"https:\/\/www.instantbeautebienetre.fr\/de\/?s={search_term_string}"},"query-input":"required name=search_term_string"}],"inLanguage":"de"},{"@type":"Organization","@id":"https:\/\/www.instantbeautebienetre.fr\/de\/#organization","name":"Instant Beaute Bien \u00catre","url":"https:\/\/www.instantbeautebienetre.fr\/de\/","logo":{"@type":"ImageObject","inLanguage":"de","@id":"https:\/\/www.instantbeautebienetre.fr\/de\/#\/schema\/logo\/image\/","url":"https:\/\/www.instantbeautebienetre.fr\/wp-content\/uploads\/2023\/07\/cropped-pbn.png","contentUrl":"https:\/\/www.instantbeautebienetre.fr\/wp-content\/uploads\/2023\/07\/cropped-pbn.png","width":263,"height":313,"caption":"Instant Beaute Bien \u00catre"},"image":{"@id":"https:\/\/www.instantbeautebienetre.fr\/de\/#\/schema\/logo\/image\/"}}]}},"_links":{"self":[{"href":"https:\/\/www.instantbeautebienetre.fr\/de\/wp-json\/wp\/v2\/pages\/3842","targetHints":{"allow":["GET"]}}],"collection":[{"href":"https:\/\/www.instantbeautebienetre.fr\/de\/wp-json\/wp\/v2\/pages"}],"about":[{"href":"https:\/\/www.instantbeautebienetre.fr\/de\/wp-json\/wp\/v2\/types\/page"}],"author":[{"embeddable":true,"href":"https:\/\/www.instantbeautebienetre.fr\/de\/wp-json\/wp\/v2\/users\/1"}],"replies":[{"embeddable":true,"href":"https:\/\/www.instantbeautebienetre.fr\/de\/wp-json\/wp\/v2\/comments?post=3842"}],"version-history":[{"count":1,"href":"https:\/\/www.instantbeautebienetre.fr\/de\/wp-json\/wp\/v2\/pages\/3842\/revisions"}],"predecessor-version":[{"id":3844,"href":"https:\/\/www.instantbeautebienetre.fr\/de\/wp-json\/wp\/v2\/pages\/3842\/revisions\/3844"}],"wp:attachment":[{"href":"https:\/\/www.instantbeautebienetre.fr\/de\/wp-json\/wp\/v2\/media?parent=3842"}],"curies":[{"name":"wp","href":"https:\/\/api.w.org\/{rel}","templated":true}]}}