{"id":3851,"date":"2020-02-13T13:17:50","date_gmt":"2020-02-13T12:17:50","guid":{"rendered":"https:\/\/www.instantbeautebienetre.fr\/tipps-und-inspirationen-zur-verbesserung-ihres-aussehens\/"},"modified":"2026-04-09T13:30:13","modified_gmt":"2026-04-09T11:30:13","slug":"tipps-und-inspirationen-zur-verbesserung-ihres-aussehens","status":"publish","type":"page","link":"https:\/\/www.instantbeautebienetre.fr\/de\/","title":{"rendered":"Tipps und Inspirationen zur Verbesserung Ihres Aussehens"},"content":{"rendered":"<div class=\"gb-container gb-container-9d00a292\">\n<div class=\"gb-container gb-container-953524e4\">\n\n<h1 class=\"gb-headline gb-headline-0d1cf1d8 gb-headline-text\">Blog Beauty &amp; Wellness :  <\/h1>\n\n\n\n<h1 class=\"gb-headline gb-headline-fd82c4dc gb-headline-text\">Tipps und Inspirationen zur Verbesserung Ihres Aussehens<\/h1>\n\n\n\n<p>Hallo an Sie alle! Ich freue mich sehr, dass Sie heute hier sind, um mit Ihnen meine neuesten Beauty-Entdeckungen zu teilen. Auf dem Programm stehen Make-up-Tipps, Gesichts- und K\u00f6rperpflege, Haartipps und Ideen f\u00fcr das Nagelstudio. Also los geht&#8217;s mit einer \u00dcbersicht \u00fcber die aktuellen Trends und Sch\u00f6nheitsgeheimnisse!   <\/p>\n\n<\/div>\n<\/div><div class=\"gb-container gb-container-56083ea0\">\n\n<hr class=\"wp-block-separator has-alpha-channel-opacity\"\/>\n\n\n\n<h2 class=\"wp-block-heading has-accent-button-color has-text-color has-large-font-size\" style=\"font-style:normal;font-weight:400\">Make-up: Die wichtigsten Elemente f\u00fcr einen perfekten Look<\/h2>\n\n\n\n<p>Wer von Sch\u00f6nheit spricht, muss auch an <strong>Make-up<\/strong> denken. Und beim Make-up gibt es ein paar Dinge, die Sie unbedingt wissen sollten, um einen Top-Look zu kreieren. <\/p>\n\n\n\n<h3 class=\"wp-block-heading\">Der Teint<\/h3>\n\n\n\n<p>F\u00fcr einen frischen und strahlenden Teint verwenden Sie eine <strong>Grundierung<\/strong>. Tragen Sie dann eine Grundierung auf, die Ihrem Hautton und Hauttyp entspricht. Wenn Sie Unregelm\u00e4\u00dfigkeiten haben, decken Sie diese mit einem Concealer oder Concealer ab. Zum Schluss fixieren Sie das Ganze mit einem losen oder kompakten Puder.   <\/p>\n\n\n\n<h3 class=\"wp-block-heading\">Die Augen<\/h3>\n\n\n\n<p>Betonen Sie Ihre Augen mit einem <strong>Lidschatten<\/strong> in den Farben der Saison. F\u00fcr einen gelungenen Farbverlauf sollten Sie mehrere Nuancen der gleichen Farbe verwenden. F\u00fcgen Sie dann einen<strong>Eyeliner<\/strong> und einen Hauch von Mascara hinzu, um Ihre Augen zu intensivieren.  <\/p>\n\n\n\n<h3 class=\"wp-block-heading\">Die Lippen<\/h3>\n\n\n\n<p>Beenden Sie Ihr Make-up mit einer <strong>Lippenstiftfarbe<\/strong>, die Ihren Mund betonen wird. W\u00e4hlen Sie je nach Vorliebe ein mattes oder gl\u00e4nzendes Finish und vergessen Sie nicht, Ihre Lippen regelm\u00e4\u00dfig mit Feuchtigkeit zu versorgen! <\/p>\n\n\n\n<div class=\"gb-grid-wrapper gb-grid-wrapper-1f092d8e gb-query-loop-wrapper\">\n<div class=\"gb-grid-column gb-grid-column-9ef31bf4 gb-query-loop-item post-3828 post type-post status-publish format-standard has-post-thumbnail hentry category-make-up category-schonheit generate-columns tablet-grid-50 mobile-grid-100 grid-parent grid-50\"><div class=\"gb-container gb-container-9ef31bf4\">\n<figure class=\"gb-block-image gb-block-image-08ae78ac\"><img loading=\"lazy\" decoding=\"async\" width=\"1920\" height=\"1080\" src=\"https:\/\/www.instantbeautebienetre.fr\/wp-content\/uploads\/2023\/07\/articles-pbn-2.jpg\" class=\"gb-image-08ae78ac\" alt=\"bb creme\" srcset=\"https:\/\/www.instantbeautebienetre.fr\/wp-content\/uploads\/2023\/07\/articles-pbn-2.jpg 1920w, https:\/\/www.instantbeautebienetre.fr\/wp-content\/uploads\/2023\/07\/articles-pbn-2-300x169.jpg 300w, https:\/\/www.instantbeautebienetre.fr\/wp-content\/uploads\/2023\/07\/articles-pbn-2-1024x576.jpg 1024w, https:\/\/www.instantbeautebienetre.fr\/wp-content\/uploads\/2023\/07\/articles-pbn-2-768x432.jpg 768w, https:\/\/www.instantbeautebienetre.fr\/wp-content\/uploads\/2023\/07\/articles-pbn-2-1536x864.jpg 1536w\" sizes=\"auto, (max-width: 1920px) 100vw, 1920px\" \/><\/figure>\n\n<h2 class=\"gb-headline gb-headline-20171c8c gb-headline-text\"><a href=\"https:\/\/www.instantbeautebienetre.fr\/de\/2023\/07\/27\/top-der-besten-bb-creams-ein-perfekter-teint-in-einem-schritt\/\">Top der besten BB Creams: Ein perfekter Teint in einem Schritt<\/a><\/h2>\n\n<div class=\"gb-container gb-container-f1b23427\">\n<p class=\"gb-headline gb-headline-07f587ef gb-headline-text\">instantbeautebienetre<\/p>\n\n\n<p class=\"gb-headline gb-headline-ff0ad63d gb-headline-text\">|<\/p>\n\n\n<p class=\"gb-headline gb-headline-66e2521f gb-headline-text\"><time class=\"entry-date published\" datetime=\"2023-07-27T09:47:54+02:00\">27. Juli 2023<\/time><\/p>\n<\/div>\n<\/div><\/div>\n\n<div class=\"gb-grid-column gb-grid-column-9ef31bf4 gb-query-loop-item post-3807 post type-post status-publish format-standard has-post-thumbnail hentry category-make-up category-schonheit generate-columns tablet-grid-50 mobile-grid-100 grid-parent grid-50\"><div class=\"gb-container gb-container-9ef31bf4\">\n<figure class=\"gb-block-image gb-block-image-08ae78ac\"><img loading=\"lazy\" decoding=\"async\" width=\"1920\" height=\"1080\" src=\"https:\/\/www.instantbeautebienetre.fr\/wp-content\/uploads\/2023\/07\/articles-pbn-1-1.jpg\" class=\"gb-image-08ae78ac\" alt=\"Augen-Make-up\" srcset=\"https:\/\/www.instantbeautebienetre.fr\/wp-content\/uploads\/2023\/07\/articles-pbn-1-1.jpg 1920w, https:\/\/www.instantbeautebienetre.fr\/wp-content\/uploads\/2023\/07\/articles-pbn-1-1-300x169.jpg 300w, https:\/\/www.instantbeautebienetre.fr\/wp-content\/uploads\/2023\/07\/articles-pbn-1-1-1024x576.jpg 1024w, https:\/\/www.instantbeautebienetre.fr\/wp-content\/uploads\/2023\/07\/articles-pbn-1-1-768x432.jpg 768w, https:\/\/www.instantbeautebienetre.fr\/wp-content\/uploads\/2023\/07\/articles-pbn-1-1-1536x864.jpg 1536w\" sizes=\"auto, (max-width: 1920px) 100vw, 1920px\" \/><\/figure>\n\n<h2 class=\"gb-headline gb-headline-20171c8c gb-headline-text\"><a href=\"https:\/\/www.instantbeautebienetre.fr\/de\/2023\/07\/27\/welche-pinsel-fuer-augen-make-up\/\">Welche Pinsel f\u00fcr Augen-Make-up?<\/a><\/h2>\n\n<div class=\"gb-container gb-container-f1b23427\">\n<p class=\"gb-headline gb-headline-07f587ef gb-headline-text\">instantbeautebienetre<\/p>\n\n\n<p class=\"gb-headline gb-headline-ff0ad63d gb-headline-text\">|<\/p>\n\n\n<p class=\"gb-headline gb-headline-66e2521f gb-headline-text\"><time class=\"entry-date published\" datetime=\"2023-07-27T09:39:02+02:00\">27. Juli 2023<\/time><\/p>\n<\/div>\n<\/div><\/div>\n<\/div>\n\n<div class=\"gb-grid-wrapper gb-grid-wrapper-a995bf75 gb-query-loop-wrapper\"><\/div>\n\n\n\n<hr class=\"wp-block-separator has-alpha-channel-opacity\"\/>\n\n\n\n<h2 class=\"wp-block-heading has-accent-button-color has-text-color has-large-font-size\">Gesichts- und K\u00f6rperpflege: Verw\u00f6hnen Sie Ihre Haut<\/h2>\n\n\n\n<p>Das Geheimnis eines sch\u00f6nen Aussehens liegt auch in der <strong>Qualit\u00e4t unserer Haut<\/strong>. Nehmen Sie sich daher die Zeit, Ihrer Haut die Pflege zukommen zu lassen, die sie verdient. <\/p>\n\n\n\n<h3 class=\"wp-block-heading\">Peelings und Masken<\/h3>\n\n\n\n<p>Um Ihren Teint wieder zum Strahlen zu bringen, gibt es nichts Besseres als ein gutes Peeling. Einmal pro Woche sollten Sie Ihre Haut mit kreisenden Bewegungen sanft peelen. Tragen Sie anschlie\u00dfend eine <strong>feuchtigkeitsspendende<\/strong>, reinigende oder beruhigende <strong>Maske<\/strong> auf, je nach den Bed\u00fcrfnissen Ihrer Haut.  <\/p>\n\n\n\n<h3 class=\"wp-block-heading\">Serum und Feuchtigkeitscreme<\/h3>\n\n\n\n<p>Vergessen Sie nicht, Ihr Gesicht t\u00e4glich mit einem Serum und einer Creme zu befeuchten, die auf Ihren Hauttyp abgestimmt sind. Diese Produkte n\u00e4hren und sch\u00fctzen Ihre Haut vor \u00e4u\u00dferen Einfl\u00fcssen wie Umweltverschmutzung, Sonne und K\u00e4lte. <\/p>\n\n\n\n<h3 class=\"wp-block-heading\">K\u00f6rperpflege<\/h3>\n\n\n\n<p>Ihr K\u00f6rper braucht auch eine sanfte Pflege! G\u00f6nnen Sie ihm nach jeder Dusche oder jedem Bad eine gute Dosis Feuchtigkeit mit einer <strong>Milch, einer Creme oder einem Balsam<\/strong>. Vergessen Sie auch nicht die oft vernachl\u00e4ssigten Bereiche wie Ellenbogen, Knie und F\u00fc\u00dfe.  <\/p>\n\n\n\n<div class=\"gb-grid-wrapper gb-grid-wrapper-5c8a4d00 gb-query-loop-wrapper\"><\/div>\n\n<div class=\"gb-grid-wrapper gb-grid-wrapper-9e4076f4 gb-query-loop-wrapper\"><\/div>\n\n\n\n<hr class=\"wp-block-separator has-alpha-channel-opacity\"\/>\n\n\n\n<h2 class=\"wp-block-heading has-accent-button-color has-text-color has-large-font-size\">Haar: Das Wichtigste f\u00fcr traumhaftes Haar<\/h2>\n\n\n\n<p>Um gl\u00e4nzendes, geschmeidiges und gesundes Haar zu erhalten, m\u00fcssen Sie zun\u00e4chst die richtigen Schritte im Alltag unternehmen. Hier sind einige Tipps, die Sie befolgen sollten: <\/p>\n\n\n\n<ol class=\"wp-block-list\">\n<li>Waschen Sie Ihr Haar mit einem Shampoo, das auf Ihren Haartyp und dessen Bed\u00fcrfnisse abgestimmt ist (n\u00e4hrend, reinigend, volumengebend&#8230;).<\/li>\n\n\n\n<li>Verwenden Sie regelm\u00e4\u00dfig eine <strong>Pflegesp\u00fclung<\/strong>, um Ihre L\u00e4ngen und Spitzen zu entwirren und zu pflegen.<\/li>\n\n\n\n<li>G\u00f6nnen Sie Ihrem Haar einmal pro Woche eine Tiefenmaske, um die Haarfaser zu st\u00e4rken und zu reparieren.<\/li>\n\n\n\n<li>Sch\u00fctzen Sie Ihr Haar vor \u00e4u\u00dferen Einfl\u00fcssen (Hitze, Sonne, K\u00e4lte&#8230;), indem Sie spezielle Produkte wie Hitzeschutzsprays oder Haar\u00f6le verwenden.<\/li>\n<\/ol>\n\n\n\n<div class=\"gb-grid-wrapper gb-grid-wrapper-434da0e5 gb-query-loop-wrapper\"><\/div>\n\n<div class=\"gb-grid-wrapper gb-grid-wrapper-be8adc26 gb-query-loop-wrapper\"><\/div>\n\n\n\n<hr class=\"wp-block-separator has-alpha-channel-opacity\"\/>\n\n\n\n<h2 class=\"wp-block-heading has-accent-button-color has-text-color has-large-font-size\">Nageldesign: Originelle Ideen f\u00fcr makellose N\u00e4gel<\/h2>\n\n\n\n<p>Beenden wir diese Beauty-Review mit dem Thema<strong>Nageldesign<\/strong>! Da sch\u00f6ne N\u00e4gel der letzte Schliff f\u00fcr einen gelungenen Look sind, finden Sie hier einige Ideen, um das Vergn\u00fcgen zu variieren:<\/p>\n\n\n\n<ul class=\"wp-block-list\">\n<li>W\u00e4hlen Sie eine klassische Manik\u00fcre mit einem nudefarbenen, roten oder schwarzen Nagellack f\u00fcr einen eleganten und anspruchsvollen Effekt.<\/li>\n\n\n\n<li>Wagen Sie Nailart, indem Sie mit <strong>Motiven und Texturen<\/strong> spielen (Pailletten, Strass, Sticker&#8230;).<\/li>\n\n\n\n<li>Tragen Sie einen durchscheinenden Nagellack in s\u00e4uerlichen Farben auf Ihre N\u00e4gel auf und folgen Sie dem &#8222;Jelly Nails&#8220;-Trend.<\/li>\n\n\n\n<li>Diejenigen, die k\u00fcnstliche N\u00e4gel bevorzugen, k\u00f6nnen sich f\u00fcr Gel- oder Harzprothesen entscheiden, je nachdem, was Sie bevorzugen.<\/li>\n<\/ul>\n\n\n\n<div class=\"gb-grid-wrapper gb-grid-wrapper-2cfb47ef gb-query-loop-wrapper\"><\/div>\n\n<div class=\"gb-grid-wrapper gb-grid-wrapper-925eee16 gb-query-loop-wrapper\"><\/div>\n\n\n\n<hr class=\"wp-block-separator has-alpha-channel-opacity\"\/>\n\n\n\n<div class=\"wp-block-media-text alignwide is-stacked-on-mobile\" style=\"grid-template-columns:32% auto\"><figure class=\"wp-block-media-text__media\"><img loading=\"lazy\" decoding=\"async\" width=\"1024\" height=\"576\" src=\"https:\/\/www.instantbeautebienetre.fr\/wp-content\/uploads\/2023\/07\/articles-pbn-8-1-1024x576.jpg\" alt=\"\" class=\"wp-image-3463 size-full\" srcset=\"https:\/\/www.instantbeautebienetre.fr\/wp-content\/uploads\/2023\/07\/articles-pbn-8-1-1024x576.jpg 1024w, https:\/\/www.instantbeautebienetre.fr\/wp-content\/uploads\/2023\/07\/articles-pbn-8-1-300x169.jpg 300w, https:\/\/www.instantbeautebienetre.fr\/wp-content\/uploads\/2023\/07\/articles-pbn-8-1-768x432.jpg 768w, https:\/\/www.instantbeautebienetre.fr\/wp-content\/uploads\/2023\/07\/articles-pbn-8-1-1536x864.jpg 1536w, https:\/\/www.instantbeautebienetre.fr\/wp-content\/uploads\/2023\/07\/articles-pbn-8-1.jpg 1920w\" sizes=\"auto, (max-width: 1024px) 100vw, 1024px\" \/><\/figure><div class=\"wp-block-media-text__content\">\n<h3 class=\"gb-headline gb-headline-edb1e43d gb-headline-text\">Mit all diesen Tipps und Inspirationen f\u00fcr die Sch\u00f6nheit haben Sie nun alles, was Sie brauchen, um Ihr Aussehen t\u00e4glich zu verbessern. Jetzt sind Sie dran! <\/h3>\n<\/div><\/div>\n\n<\/div><div class=\"gb-container gb-container-27a23f41\">\n<div class=\"gb-container gb-container-f3e21343\">\n\n<h2 class=\"gb-headline gb-headline-47198993\"><span class=\"gb-icon\"><svg xmlns=\"http:\/\/www.w3.org\/2000\/svg\" viewbox=\"0 0 50 48.039\"><path d=\"M50 24a.648.648 0 00-.195-.469l-8.398-8.086V.664C41.406.273 41.094 0 40.703 0H9.297c-.391 0-.664.312-.703.664v14.781L.196 23.492C.078 23.648 0 23.805 0 24v23.336c0 .391.312.664.664.703h48.633c.391 0 .664-.312.703-.664V24zm-1.992-.312l-6.602 2.148v-8.477l6.602 6.329zM8.594 25.836l-6.602-2.148 6.602-6.328v8.476zm40.039 20.797H1.367V24.938l23.437 7.539a.801.801 0 00.43 0l2.422-.781c.352-.117.547-.508.43-.859s-.508-.547-.859-.43L25 31.109 9.961 26.266V1.367h30.078v24.898l-2.383.742c-.352.117-.547.508-.43.898a.685.685 0 00.859.43l10.547-3.398v21.696zM34.219 28.844a.685.685 0 01-.43.859l-1.836.586a.685.685 0 01-.859-.43.685.685 0 01.43-.859l1.836-.586a.685.685 0 01.859.43zm1.484-13.516l-9.297 9.766a1.97 1.97 0 01-2.773.078l-.078-.078-9.297-9.766c-2.07-2.148-2.031-5.586.078-7.695a.724.724 0 01.977-.039.724.724 0 01.039.977 4.161 4.161 0 00-.078 5.82l9.297 9.766a.613.613 0 00.859 0l9.297-9.766c1.602-1.68 1.523-4.297-.156-5.898a4.118 4.118 0 00-2.852-1.133h-.43c-2.227 0-4.375 1.016-5.742 2.813-.234.312-.781.352-1.094 0a7.274 7.274 0 00-5.742-2.813c-.391 0-.703-.312-.703-.703s.312-.703.703-.703A8.69 8.69 0 0125 8.649c1.641-1.719 3.906-2.734 6.289-2.695h.43a5.543 5.543 0 015.547 5.547c-.039 1.444-.586 2.812-1.563 3.827zm-3.32-3.164a.95.95 0 00.039-1.25c-.234-.273-.195-.703.078-.977.273-.234.703-.195.977.078.742.898.703 2.227-.078 3.047l-1.406 1.445c-.273.273-.703.312-.977.039-.273-.273-.313-.703-.039-.977l.039-.039 1.367-1.366z\"><\/path><\/svg><\/span><span class=\"gb-headline-text\">Bleiben Sie in Verbindung<\/span><\/h2>\n\n\n\n<div class=\"wpcf7 no-js\" id=\"wpcf7-f3837-o1\" lang=\"de-DE\" dir=\"ltr\">\n<div class=\"screen-reader-response\"><p role=\"status\" aria-live=\"polite\" aria-atomic=\"true\"><\/p> <ul><\/ul><\/div>\n<form action=\"\/de\/wp-json\/wp\/v2\/pages\/3851#wpcf7-f3837-o1\" method=\"post\" class=\"wpcf7-form init\" aria-label=\"Kontaktformular\" novalidate=\"novalidate\" data-status=\"init\">\n<div style=\"display: none;\">\n<input type=\"hidden\" name=\"_wpcf7\" value=\"3837\" \/>\n<input type=\"hidden\" name=\"_wpcf7_version\" value=\"5.9.4\" \/>\n<input type=\"hidden\" name=\"_wpcf7_locale\" value=\"de_DE\" \/>\n<input type=\"hidden\" name=\"_wpcf7_unit_tag\" value=\"wpcf7-f3837-o1\" \/>\n<input type=\"hidden\" name=\"_wpcf7_container_post\" value=\"0\" \/>\n<input type=\"hidden\" name=\"_wpcf7_posted_data_hash\" value=\"\" \/>\n<\/div>\n<p><label> Ihr Name<br \/>\n<span class=\"wpcf7-form-control-wrap\" data-name=\"your-name\"><input size=\"40\" class=\"wpcf7-form-control wpcf7-text wpcf7-validates-as-required\" autocomplete=\"name\" aria-required=\"true\" aria-invalid=\"false\" value=\"\" type=\"text\" name=\"your-name\" \/><\/span> <\/label>\n<\/p>\n<p><label> Ihre E-Mail-Adresse<br \/>\n<span class=\"wpcf7-form-control-wrap\" data-name=\"your-email\"><input size=\"40\" class=\"wpcf7-form-control wpcf7-email wpcf7-validates-as-required wpcf7-text wpcf7-validates-as-email\" autocomplete=\"email\" aria-required=\"true\" aria-invalid=\"false\" value=\"\" type=\"email\" name=\"your-email\" \/><\/span> <\/label>\n<\/p>\n<p><label> Objekt<br \/>\n<span class=\"wpcf7-form-control-wrap\" data-name=\"your-subject\"><input size=\"40\" class=\"wpcf7-form-control wpcf7-text wpcf7-validates-as-required\" aria-required=\"true\" aria-invalid=\"false\" value=\"\" type=\"text\" name=\"your-subject\" \/><\/span> <\/label>\n<\/p>\n<p><label> Ihre Nachricht (optional)<br \/>\n<span class=\"wpcf7-form-control-wrap\" data-name=\"your-message\"><textarea cols=\"40\" rows=\"10\" class=\"wpcf7-form-control wpcf7-textarea\" aria-invalid=\"false\" name=\"your-message\"><\/textarea><\/span> <\/label>\n<\/p>\n<p><input class=\"wpcf7-form-control wpcf7-submit has-spinner\" type=\"submit\" value=\"Senden Sie\" \/>\n<\/p><div class=\"wpcf7-response-output\" aria-hidden=\"true\"><\/div>\n<\/form>\n<\/div>\n\n\n<\/div>\n<\/div>","protected":false},"excerpt":{"rendered":"<p>Blog Beauty &amp; Wellness : Tipps und Inspirationen zur Verbesserung Ihres Aussehens Hallo an Sie alle! Ich freue mich sehr, dass Sie heute hier sind, um mit Ihnen meine neuesten Beauty-Entdeckungen zu teilen. Auf dem Programm stehen Make-up-Tipps, Gesichts- und K\u00f6rperpflege, Haartipps und Ideen f\u00fcr das Nagelstudio. Also los geht&#8217;s &#8230; <a title=\"Tipps und Inspirationen zur Verbesserung Ihres Aussehens\" class=\"read-more\" href=\"https:\/\/www.instantbeautebienetre.fr\/de\/\" aria-label=\"Mehr zu Tipps und Inspirationen zur Verbesserung Ihres Aussehens\">Voir plus<\/a><\/p>\n","protected":false},"author":1,"featured_media":0,"parent":0,"menu_order":0,"comment_status":"closed","ping_status":"closed","template":"","meta":{"footnotes":""},"class_list":["post-3851","page","type-page","status-publish"],"yoast_head":"<!-- This site is optimized with the Yoast SEO plugin v22.6 - https:\/\/yoast.com\/wordpress\/plugins\/seo\/ -->\n<title>Instant Beaut\u00e9 Bien \u00catre &gt; Inspirationen f\u00fcr Ihr Aussehen<\/title>\n<meta name=\"robots\" content=\"index, follow, max-snippet:-1, max-image-preview:large, max-video-preview:-1\" \/>\n<link rel=\"canonical\" href=\"https:\/\/www.instantbeautebienetre.fr\/de\/\" \/>\n<meta property=\"og:locale\" content=\"de_DE\" \/>\n<meta property=\"og:type\" content=\"article\" \/>\n<meta property=\"og:title\" content=\"Instant Beaut\u00e9 Bien \u00catre &gt; Inspirationen f\u00fcr Ihr Aussehen\" \/>\n<meta property=\"og:description\" content=\"Blog Beauty &amp; Wellness : Tipps und Inspirationen zur Verbesserung Ihres Aussehens Hallo an Sie alle! Ich freue mich sehr, dass Sie heute hier sind, um mit Ihnen meine neuesten Beauty-Entdeckungen zu teilen. Auf dem Programm stehen Make-up-Tipps, Gesichts- und K\u00f6rperpflege, Haartipps und Ideen f\u00fcr das Nagelstudio. Also los geht&#8217;s ... Voir plus\" \/>\n<meta property=\"og:url\" content=\"https:\/\/www.instantbeautebienetre.fr\/de\/\" \/>\n<meta property=\"og:site_name\" content=\"Instant Beaute Bien \u00catre\" \/>\n<meta property=\"article:modified_time\" content=\"2026-04-09T11:30:13+00:00\" \/>\n<meta property=\"og:image\" content=\"https:\/\/www.instantbeautebienetre.fr\/wp-content\/uploads\/2023\/07\/articles-pbn-8-1-1024x576.jpg\" \/>\n<meta name=\"twitter:card\" content=\"summary_large_image\" \/>\n<meta name=\"twitter:label1\" content=\"Gesch\u00e4tzte Lesezeit\" \/>\n\t<meta name=\"twitter:data1\" content=\"3\u00a0Minuten\" \/>\n<script type=\"application\/ld+json\" class=\"yoast-schema-graph\">{\"@context\":\"https:\/\/schema.org\",\"@graph\":[{\"@type\":\"WebPage\",\"@id\":\"https:\/\/www.instantbeautebienetre.fr\/de\/\",\"url\":\"https:\/\/www.instantbeautebienetre.fr\/de\/\",\"name\":\"Instant Beaut\u00e9 Bien \u00catre > Inspirationen f\u00fcr Ihr Aussehen\",\"isPartOf\":{\"@id\":\"https:\/\/www.instantbeautebienetre.fr\/de\/#website\"},\"primaryImageOfPage\":{\"@id\":\"https:\/\/www.instantbeautebienetre.fr\/de\/#primaryimage\"},\"image\":{\"@id\":\"https:\/\/www.instantbeautebienetre.fr\/de\/#primaryimage\"},\"thumbnailUrl\":\"https:\/\/www.instantbeautebienetre.fr\/wp-content\/uploads\/2023\/07\/articles-pbn-8-1-1024x576.jpg\",\"datePublished\":\"2020-02-13T12:17:50+00:00\",\"dateModified\":\"2026-04-09T11:30:13+00:00\",\"breadcrumb\":{\"@id\":\"https:\/\/www.instantbeautebienetre.fr\/de\/#breadcrumb\"},\"inLanguage\":\"de\",\"potentialAction\":[{\"@type\":\"ReadAction\",\"target\":[\"https:\/\/www.instantbeautebienetre.fr\/de\/\"]}]},{\"@type\":\"ImageObject\",\"inLanguage\":\"de\",\"@id\":\"https:\/\/www.instantbeautebienetre.fr\/de\/#primaryimage\",\"url\":\"https:\/\/www.instantbeautebienetre.fr\/wp-content\/uploads\/2023\/07\/articles-pbn-8-1-1024x576.jpg\",\"contentUrl\":\"https:\/\/www.instantbeautebienetre.fr\/wp-content\/uploads\/2023\/07\/articles-pbn-8-1-1024x576.jpg\"},{\"@type\":\"BreadcrumbList\",\"@id\":\"https:\/\/www.instantbeautebienetre.fr\/de\/#breadcrumb\",\"itemListElement\":[{\"@type\":\"ListItem\",\"position\":1,\"name\":\"Accueil\",\"item\":\"https:\/\/www.instantbeautebienetre.fr\/de\/tipps-und-inspirationen-zur-verbesserung-ihres-aussehens\/\"},{\"@type\":\"ListItem\",\"position\":2,\"name\":\"Tipps und Inspirationen zur Verbesserung Ihres Aussehens\"}]},{\"@type\":\"WebSite\",\"@id\":\"https:\/\/www.instantbeautebienetre.fr\/de\/#website\",\"url\":\"https:\/\/www.instantbeautebienetre.fr\/de\/\",\"name\":\"Instant Beaute Bien \u00catre\",\"description\":\"\",\"publisher\":{\"@id\":\"https:\/\/www.instantbeautebienetre.fr\/de\/#organization\"},\"potentialAction\":[{\"@type\":\"SearchAction\",\"target\":{\"@type\":\"EntryPoint\",\"urlTemplate\":\"https:\/\/www.instantbeautebienetre.fr\/de\/?s={search_term_string}\"},\"query-input\":\"required name=search_term_string\"}],\"inLanguage\":\"de\"},{\"@type\":\"Organization\",\"@id\":\"https:\/\/www.instantbeautebienetre.fr\/de\/#organization\",\"name\":\"Instant Beaute Bien \u00catre\",\"url\":\"https:\/\/www.instantbeautebienetre.fr\/de\/\",\"logo\":{\"@type\":\"ImageObject\",\"inLanguage\":\"de\",\"@id\":\"https:\/\/www.instantbeautebienetre.fr\/de\/#\/schema\/logo\/image\/\",\"url\":\"https:\/\/www.instantbeautebienetre.fr\/wp-content\/uploads\/2023\/07\/cropped-pbn.png\",\"contentUrl\":\"https:\/\/www.instantbeautebienetre.fr\/wp-content\/uploads\/2023\/07\/cropped-pbn.png\",\"width\":263,\"height\":313,\"caption\":\"Instant Beaute Bien \u00catre\"},\"image\":{\"@id\":\"https:\/\/www.instantbeautebienetre.fr\/de\/#\/schema\/logo\/image\/\"}}]}<\/script>\n<!-- \/ Yoast SEO plugin. -->","yoast_head_json":{"title":"Instant Beaut\u00e9 Bien \u00catre > Inspirationen f\u00fcr Ihr Aussehen","robots":{"index":"index","follow":"follow","max-snippet":"max-snippet:-1","max-image-preview":"max-image-preview:large","max-video-preview":"max-video-preview:-1"},"canonical":"https:\/\/www.instantbeautebienetre.fr\/de\/","og_locale":"de_DE","og_type":"article","og_title":"Instant Beaut\u00e9 Bien \u00catre > Inspirationen f\u00fcr Ihr Aussehen","og_description":"Blog Beauty &amp; Wellness : Tipps und Inspirationen zur Verbesserung Ihres Aussehens Hallo an Sie alle! Ich freue mich sehr, dass Sie heute hier sind, um mit Ihnen meine neuesten Beauty-Entdeckungen zu teilen. Auf dem Programm stehen Make-up-Tipps, Gesichts- und K\u00f6rperpflege, Haartipps und Ideen f\u00fcr das Nagelstudio. Also los geht&#8217;s ... Voir plus","og_url":"https:\/\/www.instantbeautebienetre.fr\/de\/","og_site_name":"Instant Beaute Bien \u00catre","article_modified_time":"2026-04-09T11:30:13+00:00","og_image":[{"url":"https:\/\/www.instantbeautebienetre.fr\/wp-content\/uploads\/2023\/07\/articles-pbn-8-1-1024x576.jpg"}],"twitter_card":"summary_large_image","twitter_misc":{"Gesch\u00e4tzte Lesezeit":"3\u00a0Minuten"},"schema":{"@context":"https:\/\/schema.org","@graph":[{"@type":"WebPage","@id":"https:\/\/www.instantbeautebienetre.fr\/de\/","url":"https:\/\/www.instantbeautebienetre.fr\/de\/","name":"Instant Beaut\u00e9 Bien \u00catre > Inspirationen f\u00fcr Ihr Aussehen","isPartOf":{"@id":"https:\/\/www.instantbeautebienetre.fr\/de\/#website"},"primaryImageOfPage":{"@id":"https:\/\/www.instantbeautebienetre.fr\/de\/#primaryimage"},"image":{"@id":"https:\/\/www.instantbeautebienetre.fr\/de\/#primaryimage"},"thumbnailUrl":"https:\/\/www.instantbeautebienetre.fr\/wp-content\/uploads\/2023\/07\/articles-pbn-8-1-1024x576.jpg","datePublished":"2020-02-13T12:17:50+00:00","dateModified":"2026-04-09T11:30:13+00:00","breadcrumb":{"@id":"https:\/\/www.instantbeautebienetre.fr\/de\/#breadcrumb"},"inLanguage":"de","potentialAction":[{"@type":"ReadAction","target":["https:\/\/www.instantbeautebienetre.fr\/de\/"]}]},{"@type":"ImageObject","inLanguage":"de","@id":"https:\/\/www.instantbeautebienetre.fr\/de\/#primaryimage","url":"https:\/\/www.instantbeautebienetre.fr\/wp-content\/uploads\/2023\/07\/articles-pbn-8-1-1024x576.jpg","contentUrl":"https:\/\/www.instantbeautebienetre.fr\/wp-content\/uploads\/2023\/07\/articles-pbn-8-1-1024x576.jpg"},{"@type":"BreadcrumbList","@id":"https:\/\/www.instantbeautebienetre.fr\/de\/#breadcrumb","itemListElement":[{"@type":"ListItem","position":1,"name":"Accueil","item":"https:\/\/www.instantbeautebienetre.fr\/de\/tipps-und-inspirationen-zur-verbesserung-ihres-aussehens\/"},{"@type":"ListItem","position":2,"name":"Tipps und Inspirationen zur Verbesserung Ihres Aussehens"}]},{"@type":"WebSite","@id":"https:\/\/www.instantbeautebienetre.fr\/de\/#website","url":"https:\/\/www.instantbeautebienetre.fr\/de\/","name":"Instant Beaute Bien \u00catre","description":"","publisher":{"@id":"https:\/\/www.instantbeautebienetre.fr\/de\/#organization"},"potentialAction":[{"@type":"SearchAction","target":{"@type":"EntryPoint","urlTemplate":"https:\/\/www.instantbeautebienetre.fr\/de\/?s={search_term_string}"},"query-input":"required name=search_term_string"}],"inLanguage":"de"},{"@type":"Organization","@id":"https:\/\/www.instantbeautebienetre.fr\/de\/#organization","name":"Instant Beaute Bien \u00catre","url":"https:\/\/www.instantbeautebienetre.fr\/de\/","logo":{"@type":"ImageObject","inLanguage":"de","@id":"https:\/\/www.instantbeautebienetre.fr\/de\/#\/schema\/logo\/image\/","url":"https:\/\/www.instantbeautebienetre.fr\/wp-content\/uploads\/2023\/07\/cropped-pbn.png","contentUrl":"https:\/\/www.instantbeautebienetre.fr\/wp-content\/uploads\/2023\/07\/cropped-pbn.png","width":263,"height":313,"caption":"Instant Beaute Bien \u00catre"},"image":{"@id":"https:\/\/www.instantbeautebienetre.fr\/de\/#\/schema\/logo\/image\/"}}]}},"_links":{"self":[{"href":"https:\/\/www.instantbeautebienetre.fr\/de\/wp-json\/wp\/v2\/pages\/3851","targetHints":{"allow":["GET"]}}],"collection":[{"href":"https:\/\/www.instantbeautebienetre.fr\/de\/wp-json\/wp\/v2\/pages"}],"about":[{"href":"https:\/\/www.instantbeautebienetre.fr\/de\/wp-json\/wp\/v2\/types\/page"}],"author":[{"embeddable":true,"href":"https:\/\/www.instantbeautebienetre.fr\/de\/wp-json\/wp\/v2\/users\/1"}],"replies":[{"embeddable":true,"href":"https:\/\/www.instantbeautebienetre.fr\/de\/wp-json\/wp\/v2\/comments?post=3851"}],"version-history":[{"count":2,"href":"https:\/\/www.instantbeautebienetre.fr\/de\/wp-json\/wp\/v2\/pages\/3851\/revisions"}],"predecessor-version":[{"id":3859,"href":"https:\/\/www.instantbeautebienetre.fr\/de\/wp-json\/wp\/v2\/pages\/3851\/revisions\/3859"}],"wp:attachment":[{"href":"https:\/\/www.instantbeautebienetre.fr\/de\/wp-json\/wp\/v2\/media?parent=3851"}],"curies":[{"name":"wp","href":"https:\/\/api.w.org\/{rel}","templated":true}]}}