{"id":3848,"date":"2020-02-13T13:17:50","date_gmt":"2020-02-13T12:17:50","guid":{"rendered":"https:\/\/www.instantbeautebienetre.fr\/consejos-e-inspiracion-para-mejorar-tu-aspecto\/"},"modified":"2026-04-09T13:30:13","modified_gmt":"2026-04-09T11:30:13","slug":"consejos-e-inspiracion-para-mejorar-tu-aspecto","status":"publish","type":"page","link":"https:\/\/www.instantbeautebienetre.fr\/es\/","title":{"rendered":"Consejos e inspiraci\u00f3n para mejorar tu aspecto"},"content":{"rendered":"<div class=\"gb-container gb-container-9d00a292\">\n<div class=\"gb-container gb-container-953524e4\">\n\n<h1 class=\"gb-headline gb-headline-0d1cf1d8 gb-headline-text\">Blog de belleza y bienestar :  <\/h1>\n\n\n\n<h1 class=\"gb-headline gb-headline-fd82c4dc gb-headline-text\">Consejos e inspiraci\u00f3n para mejorar tu aspecto<\/h1>\n\n\n\n<p>\u00a1Hola a todos! Estoy encantada de volver hoy para compartir contigo mis \u00faltimos descubrimientos de belleza. En el orden del d\u00eda: trucos de maquillaje, cuidados faciales y corporales, consejos para el cabello e ideas para peinar las u\u00f1as. As\u00ed que, sin m\u00e1s pre\u00e1mbulos, \u00a1vamos con las \u00faltimas tendencias y secretos de belleza!   <\/p>\n\n<\/div>\n<\/div><div class=\"gb-container gb-container-56083ea0\">\n\n<hr class=\"wp-block-separator has-alpha-channel-opacity\"\/>\n\n\n\n<h2 class=\"wp-block-heading has-accent-button-color has-text-color has-large-font-size\" style=\"font-style:normal;font-weight:400\">Maquillaje: lo esencial para un look perfecto<\/h2>\n\n\n\n<p>Donde hay belleza, hay <strong>maquillaje<\/strong>. Y cuando se trata de maquillaje, hay algunos elementos esenciales que debes conocer si quieres tener el mejor aspecto posible. <\/p>\n\n\n\n<h3 class=\"wp-block-heading\">Tez<\/h3>\n\n\n\n<p>Para una tez fresca y luminosa, utiliza una <strong>base<\/strong> de maquillaje. A continuaci\u00f3n, aplica una base de maquillaje adecuada a tu tono y tipo de piel. Si tienes imperfecciones, disim\u00falalas con un corrector. Por \u00faltimo, fija el look con polvos sueltos o compactos.   <\/p>\n\n\n\n<h3 class=\"wp-block-heading\">Los ojos<\/h3>\n\n\n\n<p>Resalta tus ojos con <strong>sombras de<\/strong> los colores de la temporada. Para un degradado acertado, recuerda utilizar varios tonos del mismo color. Despu\u00e9s, a\u00f1ade una l\u00ednea de<strong>eyeliner<\/strong> y un toque de m\u00e1scara de pesta\u00f1as para intensificar tus ojos.  <\/p>\n\n\n\n<h3 class=\"wp-block-heading\">Los labios<\/h3>\n\n\n\n<p>Termina tu maquillaje con un <strong>color de pintalabios<\/strong> que realce tu boca. Elige un acabado mate o brillante, como prefieras, \u00a1y no olvides hidratar tus labios regularmente! <\/p>\n\n\n\n<div class=\"gb-grid-wrapper gb-grid-wrapper-1f092d8e gb-query-loop-wrapper\">\n<div class=\"gb-grid-column gb-grid-column-9ef31bf4 gb-query-loop-item post-3816 post type-post status-publish format-standard has-post-thumbnail hentry category-belleza category-maquillaje generate-columns tablet-grid-50 mobile-grid-100 grid-parent grid-50\"><div class=\"gb-container gb-container-9ef31bf4\">\n<figure class=\"gb-block-image gb-block-image-08ae78ac\"><img loading=\"lazy\" decoding=\"async\" width=\"1920\" height=\"1080\" src=\"https:\/\/www.instantbeautebienetre.fr\/wp-content\/uploads\/2023\/07\/articles-pbn-2.jpg\" class=\"gb-image-08ae78ac\" alt=\"crema bb\" srcset=\"https:\/\/www.instantbeautebienetre.fr\/wp-content\/uploads\/2023\/07\/articles-pbn-2.jpg 1920w, https:\/\/www.instantbeautebienetre.fr\/wp-content\/uploads\/2023\/07\/articles-pbn-2-300x169.jpg 300w, https:\/\/www.instantbeautebienetre.fr\/wp-content\/uploads\/2023\/07\/articles-pbn-2-1024x576.jpg 1024w, https:\/\/www.instantbeautebienetre.fr\/wp-content\/uploads\/2023\/07\/articles-pbn-2-768x432.jpg 768w, https:\/\/www.instantbeautebienetre.fr\/wp-content\/uploads\/2023\/07\/articles-pbn-2-1536x864.jpg 1536w\" sizes=\"auto, (max-width: 1920px) 100vw, 1920px\" \/><\/figure>\n\n<h2 class=\"gb-headline gb-headline-20171c8c gb-headline-text\"><a href=\"https:\/\/www.instantbeautebienetre.fr\/es\/2023\/07\/27\/las-mejores-bb-creams-un-cutis-perfecto-en-un-solo-paso\/\">Las mejores BB creams: un cutis perfecto en un solo paso<\/a><\/h2>\n\n<div class=\"gb-container gb-container-f1b23427\">\n<p class=\"gb-headline gb-headline-07f587ef gb-headline-text\">instantbeautebienetre<\/p>\n\n\n<p class=\"gb-headline gb-headline-ff0ad63d gb-headline-text\">|<\/p>\n\n\n<p class=\"gb-headline gb-headline-66e2521f gb-headline-text\"><time class=\"entry-date published\" datetime=\"2023-07-27T09:47:54+02:00\">27 de julio de 2023<\/time><\/p>\n<\/div>\n<\/div><\/div>\n\n<div class=\"gb-grid-column gb-grid-column-9ef31bf4 gb-query-loop-item post-3811 post type-post status-publish format-standard has-post-thumbnail hentry category-belleza category-maquillaje generate-columns tablet-grid-50 mobile-grid-100 grid-parent grid-50\"><div class=\"gb-container gb-container-9ef31bf4\">\n<figure class=\"gb-block-image gb-block-image-08ae78ac\"><img loading=\"lazy\" decoding=\"async\" width=\"1920\" height=\"1080\" src=\"https:\/\/www.instantbeautebienetre.fr\/wp-content\/uploads\/2023\/07\/articles-pbn-1-1.jpg\" class=\"gb-image-08ae78ac\" alt=\"maquillaje de ojos\" srcset=\"https:\/\/www.instantbeautebienetre.fr\/wp-content\/uploads\/2023\/07\/articles-pbn-1-1.jpg 1920w, https:\/\/www.instantbeautebienetre.fr\/wp-content\/uploads\/2023\/07\/articles-pbn-1-1-300x169.jpg 300w, https:\/\/www.instantbeautebienetre.fr\/wp-content\/uploads\/2023\/07\/articles-pbn-1-1-1024x576.jpg 1024w, https:\/\/www.instantbeautebienetre.fr\/wp-content\/uploads\/2023\/07\/articles-pbn-1-1-768x432.jpg 768w, https:\/\/www.instantbeautebienetre.fr\/wp-content\/uploads\/2023\/07\/articles-pbn-1-1-1536x864.jpg 1536w\" sizes=\"auto, (max-width: 1920px) 100vw, 1920px\" \/><\/figure>\n\n<h2 class=\"gb-headline gb-headline-20171c8c gb-headline-text\"><a href=\"https:\/\/www.instantbeautebienetre.fr\/es\/2023\/07\/27\/que-pinceles-utilizar-para-maquillarse-los-ojos\/\">\u00bfQu\u00e9 pinceles utilizar para maquillarse los ojos?<\/a><\/h2>\n\n<div class=\"gb-container gb-container-f1b23427\">\n<p class=\"gb-headline gb-headline-07f587ef gb-headline-text\">instantbeautebienetre<\/p>\n\n\n<p class=\"gb-headline gb-headline-ff0ad63d gb-headline-text\">|<\/p>\n\n\n<p class=\"gb-headline gb-headline-66e2521f gb-headline-text\"><time class=\"entry-date published\" datetime=\"2023-07-27T09:39:02+02:00\">27 de julio de 2023<\/time><\/p>\n<\/div>\n<\/div><\/div>\n<\/div>\n\n<div class=\"gb-grid-wrapper gb-grid-wrapper-a995bf75 gb-query-loop-wrapper\"><\/div>\n\n\n\n<hr class=\"wp-block-separator has-alpha-channel-opacity\"\/>\n\n\n\n<h2 class=\"wp-block-heading has-accent-button-color has-text-color has-large-font-size\">Cuidado facial y corporal: Mima tu piel<\/h2>\n\n\n\n<p>El secreto de un aspecto bello tambi\u00e9n reside en la <strong>calidad de nuestra piel<\/strong>. As\u00ed que t\u00f3mate tu tiempo para darle el cuidado que se merece. <\/p>\n\n\n\n<h3 class=\"wp-block-heading\">Exfoliantes y mascarillas<\/h3>\n\n\n\n<p>No hay nada como un buen exfoliante para devolver la luminosidad a tu cutis. Una vez a la semana, exfolia suavemente tu piel con movimientos circulares. A continuaci\u00f3n, aplica una <strong>mascarilla hidratante<\/strong>, purificante o calmante, seg\u00fan las necesidades de tu piel.  <\/p>\n\n\n\n<h3 class=\"wp-block-heading\">Suero e hidratante<\/h3>\n\n\n\n<p>No olvides hidratar tu rostro todos los d\u00edas con un suero y una crema adecuados a tu tipo de piel. Estos productos nutrir\u00e1n y proteger\u00e1n tu piel de agresores externos como la contaminaci\u00f3n, el sol y el fr\u00edo. <\/p>\n\n\n\n<h3 class=\"wp-block-heading\">Cuidado corporal<\/h3>\n\n\n\n<p>\u00a1Tu cuerpo tambi\u00e9n necesita algo suave! Dale una buena dosis de hidrataci\u00f3n despu\u00e9s de cada ducha o ba\u00f1o con una <strong>loci\u00f3n, crema o b\u00e1lsamo<\/strong>. Y no olvides las zonas que a menudo se descuidan, como codos, rodillas y pies.  <\/p>\n\n\n\n<div class=\"gb-grid-wrapper gb-grid-wrapper-5c8a4d00 gb-query-loop-wrapper\"><\/div>\n\n<div class=\"gb-grid-wrapper gb-grid-wrapper-9e4076f4 gb-query-loop-wrapper\"><\/div>\n\n\n\n<hr class=\"wp-block-separator has-alpha-channel-opacity\"\/>\n\n\n\n<h2 class=\"wp-block-heading has-accent-button-color has-text-color has-large-font-size\">Cabello: Lo esencial para un cabello de ensue\u00f1o<\/h2>\n\n\n\n<p>Para tener un pelo brillante, flexible y sano, el primer paso es hacer las cosas bien cada d\u00eda. He aqu\u00ed algunos consejos que debes seguir: <\/p>\n\n\n\n<ol class=\"wp-block-list\">\n<li>L\u00e1vate el pelo con un champ\u00fa adecuado a tu tipo de cabello y a tus necesidades (nutritivo, purificante, voluminizador&#8230;).<\/li>\n\n\n\n<li>Aplica <strong>acondicionador<\/strong> regularmente para desenredar y nutrir tus largos y puntas.<\/li>\n\n\n\n<li>Una vez a la semana, trata tu cabello con una mascarilla profunda para fortalecer y reparar la fibra capilar.<\/li>\n\n\n\n<li>Protege tu cabello de las agresiones externas (calor, sol, fr\u00edo&#8230;) utilizando productos espec\u00edficos, como sprays termoprotectores o aceites capilares.<\/li>\n<\/ol>\n\n\n\n<div class=\"gb-grid-wrapper gb-grid-wrapper-434da0e5 gb-query-loop-wrapper\"><\/div>\n\n<div class=\"gb-grid-wrapper gb-grid-wrapper-be8adc26 gb-query-loop-wrapper\"><\/div>\n\n\n\n<hr class=\"wp-block-separator has-alpha-channel-opacity\"\/>\n\n\n\n<h2 class=\"wp-block-heading has-accent-button-color has-text-color has-large-font-size\">Cuidado de las u\u00f1as: Ideas originales para unas u\u00f1as impecables<\/h2>\n\n\n\n<p>Por \u00faltimo, \u00a1terminemos este repaso de belleza con<strong>el arte de las u\u00f1as<\/strong>! Porque unas u\u00f1as bonitas son el toque final de un look acertado, aqu\u00ed tienes algunas ideas para variar los placeres:<\/p>\n\n\n\n<ul class=\"wp-block-list\">\n<li>Opta por una manicura cl\u00e1sica con un esmalte de u\u00f1as nude, rojo o negro para conseguir un efecto elegante y sofisticado.<\/li>\n\n\n\n<li>Atr\u00e9vete con el nail art, jugando con <strong>estampados y texturas<\/strong> (purpurina, pedrer\u00eda, pegatinas, etc.).<\/li>\n\n\n\n<li>Adopta la tendencia de las \u00abu\u00f1as de gelatina\u00bb aplicando a tus u\u00f1as un barniz transl\u00facido en tonos acidulados.<\/li>\n\n\n\n<li>Para quienes prefieren las u\u00f1as postizas, opta por pr\u00f3tesis de gel o de resina, seg\u00fan tus preferencias.<\/li>\n<\/ul>\n\n\n\n<div class=\"gb-grid-wrapper gb-grid-wrapper-2cfb47ef gb-query-loop-wrapper\"><\/div>\n\n<div class=\"gb-grid-wrapper gb-grid-wrapper-925eee16 gb-query-loop-wrapper\"><\/div>\n\n\n\n<hr class=\"wp-block-separator has-alpha-channel-opacity\"\/>\n\n\n\n<div class=\"wp-block-media-text alignwide is-stacked-on-mobile\" style=\"grid-template-columns:32% auto\"><figure class=\"wp-block-media-text__media\"><img loading=\"lazy\" decoding=\"async\" width=\"1024\" height=\"576\" src=\"https:\/\/www.instantbeautebienetre.fr\/wp-content\/uploads\/2023\/07\/articles-pbn-8-1-1024x576.jpg\" alt=\"\" class=\"wp-image-3463 size-full\" srcset=\"https:\/\/www.instantbeautebienetre.fr\/wp-content\/uploads\/2023\/07\/articles-pbn-8-1-1024x576.jpg 1024w, https:\/\/www.instantbeautebienetre.fr\/wp-content\/uploads\/2023\/07\/articles-pbn-8-1-300x169.jpg 300w, https:\/\/www.instantbeautebienetre.fr\/wp-content\/uploads\/2023\/07\/articles-pbn-8-1-768x432.jpg 768w, https:\/\/www.instantbeautebienetre.fr\/wp-content\/uploads\/2023\/07\/articles-pbn-8-1-1536x864.jpg 1536w, https:\/\/www.instantbeautebienetre.fr\/wp-content\/uploads\/2023\/07\/articles-pbn-8-1.jpg 1920w\" sizes=\"auto, (max-width: 1024px) 100vw, 1024px\" \/><\/figure><div class=\"wp-block-media-text__content\">\n<h3 class=\"gb-headline gb-headline-edb1e43d gb-headline-text\">Con todos estos consejos de belleza e inspiraci\u00f3n, ya tienes todo lo que necesitas para mejorar tu aspecto a diario. \u00a1Ahora depende de ti! <\/h3>\n<\/div><\/div>\n\n<\/div><div class=\"gb-container gb-container-27a23f41\">\n<div class=\"gb-container gb-container-f3e21343\">\n\n<h2 class=\"gb-headline gb-headline-47198993\"><span class=\"gb-icon\"><svg xmlns=\"http:\/\/www.w3.org\/2000\/svg\" viewbox=\"0 0 50 48.039\"><path d=\"M50 24a.648.648 0 00-.195-.469l-8.398-8.086V.664C41.406.273 41.094 0 40.703 0H9.297c-.391 0-.664.312-.703.664v14.781L.196 23.492C.078 23.648 0 23.805 0 24v23.336c0 .391.312.664.664.703h48.633c.391 0 .664-.312.703-.664V24zm-1.992-.312l-6.602 2.148v-8.477l6.602 6.329zM8.594 25.836l-6.602-2.148 6.602-6.328v8.476zm40.039 20.797H1.367V24.938l23.437 7.539a.801.801 0 00.43 0l2.422-.781c.352-.117.547-.508.43-.859s-.508-.547-.859-.43L25 31.109 9.961 26.266V1.367h30.078v24.898l-2.383.742c-.352.117-.547.508-.43.898a.685.685 0 00.859.43l10.547-3.398v21.696zM34.219 28.844a.685.685 0 01-.43.859l-1.836.586a.685.685 0 01-.859-.43.685.685 0 01.43-.859l1.836-.586a.685.685 0 01.859.43zm1.484-13.516l-9.297 9.766a1.97 1.97 0 01-2.773.078l-.078-.078-9.297-9.766c-2.07-2.148-2.031-5.586.078-7.695a.724.724 0 01.977-.039.724.724 0 01.039.977 4.161 4.161 0 00-.078 5.82l9.297 9.766a.613.613 0 00.859 0l9.297-9.766c1.602-1.68 1.523-4.297-.156-5.898a4.118 4.118 0 00-2.852-1.133h-.43c-2.227 0-4.375 1.016-5.742 2.813-.234.312-.781.352-1.094 0a7.274 7.274 0 00-5.742-2.813c-.391 0-.703-.312-.703-.703s.312-.703.703-.703A8.69 8.69 0 0125 8.649c1.641-1.719 3.906-2.734 6.289-2.695h.43a5.543 5.543 0 015.547 5.547c-.039 1.444-.586 2.812-1.563 3.827zm-3.32-3.164a.95.95 0 00.039-1.25c-.234-.273-.195-.703.078-.977.273-.234.703-.195.977.078.742.898.703 2.227-.078 3.047l-1.406 1.445c-.273.273-.703.312-.977.039-.273-.273-.313-.703-.039-.977l.039-.039 1.367-1.366z\"><\/path><\/svg><\/span><span class=\"gb-headline-text\">Mantente conectado<\/span><\/h2>\n\n\n\n<div class=\"wpcf7 no-js\" id=\"wpcf7-f3836-o1\" lang=\"es-ES\" dir=\"ltr\">\n<div class=\"screen-reader-response\"><p role=\"status\" aria-live=\"polite\" aria-atomic=\"true\"><\/p> <ul><\/ul><\/div>\n<form action=\"\/es\/wp-json\/wp\/v2\/pages\/3848#wpcf7-f3836-o1\" method=\"post\" class=\"wpcf7-form init\" aria-label=\"Formulario de contacto\" novalidate=\"novalidate\" data-status=\"init\">\n<div style=\"display: none;\">\n<input type=\"hidden\" name=\"_wpcf7\" value=\"3836\" \/>\n<input type=\"hidden\" name=\"_wpcf7_version\" value=\"5.9.4\" \/>\n<input type=\"hidden\" name=\"_wpcf7_locale\" value=\"es_ES\" \/>\n<input type=\"hidden\" name=\"_wpcf7_unit_tag\" value=\"wpcf7-f3836-o1\" \/>\n<input type=\"hidden\" name=\"_wpcf7_container_post\" value=\"0\" \/>\n<input type=\"hidden\" name=\"_wpcf7_posted_data_hash\" value=\"\" \/>\n<\/div>\n<p><label> Tu nombre<br \/>\n<span class=\"wpcf7-form-control-wrap\" data-name=\"your-name\"><input size=\"40\" class=\"wpcf7-form-control wpcf7-text wpcf7-validates-as-required\" autocomplete=\"name\" aria-required=\"true\" aria-invalid=\"false\" value=\"\" type=\"text\" name=\"your-name\" \/><\/span> <\/label>\n<\/p>\n<p><label> Tu e-mail<br \/>\n<span class=\"wpcf7-form-control-wrap\" data-name=\"your-email\"><input size=\"40\" class=\"wpcf7-form-control wpcf7-email wpcf7-validates-as-required wpcf7-text wpcf7-validates-as-email\" autocomplete=\"email\" aria-required=\"true\" aria-invalid=\"false\" value=\"\" type=\"email\" name=\"your-email\" \/><\/span> <\/label>\n<\/p>\n<p><label> Objeto<br \/>\n<span class=\"wpcf7-form-control-wrap\" data-name=\"your-subject\"><input size=\"40\" class=\"wpcf7-form-control wpcf7-text wpcf7-validates-as-required\" aria-required=\"true\" aria-invalid=\"false\" value=\"\" type=\"text\" name=\"your-subject\" \/><\/span> <\/label>\n<\/p>\n<p><label> Tu mensaje (opcional)<br \/>\n<span class=\"wpcf7-form-control-wrap\" data-name=\"your-message\"><textarea cols=\"40\" rows=\"10\" class=\"wpcf7-form-control wpcf7-textarea\" aria-invalid=\"false\" name=\"your-message\"><\/textarea><\/span> <\/label>\n<\/p>\n<p><input class=\"wpcf7-form-control wpcf7-submit has-spinner\" type=\"submit\" value=\"Env\u00eda\" \/>\n<\/p><div class=\"wpcf7-response-output\" aria-hidden=\"true\"><\/div>\n<\/form>\n<\/div>\n\n\n<\/div>\n<\/div>","protected":false},"excerpt":{"rendered":"<p>Blog de belleza y bienestar : Consejos e inspiraci\u00f3n para mejorar tu aspecto \u00a1Hola a todos! Estoy encantada de volver hoy para compartir contigo mis \u00faltimos descubrimientos de belleza. En el orden del d\u00eda: trucos de maquillaje, cuidados faciales y corporales, consejos para el cabello e ideas para peinar las &#8230; <a title=\"Consejos e inspiraci\u00f3n para mejorar tu aspecto\" class=\"read-more\" href=\"https:\/\/www.instantbeautebienetre.fr\/es\/\" aria-label=\"M\u00e1s en Consejos e inspiraci\u00f3n para mejorar tu aspecto\">Voir plus<\/a><\/p>\n","protected":false},"author":1,"featured_media":0,"parent":0,"menu_order":0,"comment_status":"closed","ping_status":"closed","template":"","meta":{"footnotes":""},"class_list":["post-3848","page","type-page","status-publish"],"yoast_head":"<!-- This site is optimized with the Yoast SEO plugin v22.6 - https:\/\/yoast.com\/wordpress\/plugins\/seo\/ -->\n<title>Belleza Instant\u00e1nea Bienestar &gt; Inspiraciones para mejorar tu aspecto<\/title>\n<meta name=\"robots\" content=\"index, follow, max-snippet:-1, max-image-preview:large, max-video-preview:-1\" \/>\n<link rel=\"canonical\" href=\"https:\/\/www.instantbeautebienetre.fr\/es\/\" \/>\n<meta property=\"og:locale\" content=\"es_ES\" \/>\n<meta property=\"og:type\" content=\"article\" \/>\n<meta property=\"og:title\" content=\"Belleza Instant\u00e1nea Bienestar &gt; Inspiraciones para mejorar tu aspecto\" \/>\n<meta property=\"og:description\" content=\"Blog de belleza y bienestar : Consejos e inspiraci\u00f3n para mejorar tu aspecto \u00a1Hola a todos! Estoy encantada de volver hoy para compartir contigo mis \u00faltimos descubrimientos de belleza. En el orden del d\u00eda: trucos de maquillaje, cuidados faciales y corporales, consejos para el cabello e ideas para peinar las ... Voir plus\" \/>\n<meta property=\"og:url\" content=\"https:\/\/www.instantbeautebienetre.fr\/es\/\" \/>\n<meta property=\"og:site_name\" content=\"Instant Beaute Bien \u00catre\" \/>\n<meta property=\"article:modified_time\" content=\"2026-04-09T11:30:13+00:00\" \/>\n<meta property=\"og:image\" content=\"https:\/\/www.instantbeautebienetre.fr\/wp-content\/uploads\/2023\/07\/articles-pbn-8-1-1024x576.jpg\" \/>\n<meta name=\"twitter:card\" content=\"summary_large_image\" \/>\n<meta name=\"twitter:label1\" content=\"Tiempo de lectura\" \/>\n\t<meta name=\"twitter:data1\" content=\"3 minutos\" \/>\n<script type=\"application\/ld+json\" class=\"yoast-schema-graph\">{\"@context\":\"https:\/\/schema.org\",\"@graph\":[{\"@type\":\"WebPage\",\"@id\":\"https:\/\/www.instantbeautebienetre.fr\/es\/\",\"url\":\"https:\/\/www.instantbeautebienetre.fr\/es\/\",\"name\":\"Belleza Instant\u00e1nea Bienestar > Inspiraciones para mejorar tu aspecto\",\"isPartOf\":{\"@id\":\"https:\/\/www.instantbeautebienetre.fr\/es\/#website\"},\"primaryImageOfPage\":{\"@id\":\"https:\/\/www.instantbeautebienetre.fr\/es\/#primaryimage\"},\"image\":{\"@id\":\"https:\/\/www.instantbeautebienetre.fr\/es\/#primaryimage\"},\"thumbnailUrl\":\"https:\/\/www.instantbeautebienetre.fr\/wp-content\/uploads\/2023\/07\/articles-pbn-8-1-1024x576.jpg\",\"datePublished\":\"2020-02-13T12:17:50+00:00\",\"dateModified\":\"2026-04-09T11:30:13+00:00\",\"breadcrumb\":{\"@id\":\"https:\/\/www.instantbeautebienetre.fr\/es\/#breadcrumb\"},\"inLanguage\":\"es\",\"potentialAction\":[{\"@type\":\"ReadAction\",\"target\":[\"https:\/\/www.instantbeautebienetre.fr\/es\/\"]}]},{\"@type\":\"ImageObject\",\"inLanguage\":\"es\",\"@id\":\"https:\/\/www.instantbeautebienetre.fr\/es\/#primaryimage\",\"url\":\"https:\/\/www.instantbeautebienetre.fr\/wp-content\/uploads\/2023\/07\/articles-pbn-8-1-1024x576.jpg\",\"contentUrl\":\"https:\/\/www.instantbeautebienetre.fr\/wp-content\/uploads\/2023\/07\/articles-pbn-8-1-1024x576.jpg\"},{\"@type\":\"BreadcrumbList\",\"@id\":\"https:\/\/www.instantbeautebienetre.fr\/es\/#breadcrumb\",\"itemListElement\":[{\"@type\":\"ListItem\",\"position\":1,\"name\":\"Accueil\",\"item\":\"https:\/\/www.instantbeautebienetre.fr\/es\/consejos-e-inspiracion-para-mejorar-tu-aspecto\/\"},{\"@type\":\"ListItem\",\"position\":2,\"name\":\"Consejos e inspiraci\u00f3n para mejorar tu aspecto\"}]},{\"@type\":\"WebSite\",\"@id\":\"https:\/\/www.instantbeautebienetre.fr\/es\/#website\",\"url\":\"https:\/\/www.instantbeautebienetre.fr\/es\/\",\"name\":\"Instant Beaute Bien \u00catre\",\"description\":\"\",\"publisher\":{\"@id\":\"https:\/\/www.instantbeautebienetre.fr\/es\/#organization\"},\"potentialAction\":[{\"@type\":\"SearchAction\",\"target\":{\"@type\":\"EntryPoint\",\"urlTemplate\":\"https:\/\/www.instantbeautebienetre.fr\/es\/?s={search_term_string}\"},\"query-input\":\"required name=search_term_string\"}],\"inLanguage\":\"es\"},{\"@type\":\"Organization\",\"@id\":\"https:\/\/www.instantbeautebienetre.fr\/es\/#organization\",\"name\":\"Instant Beaute Bien \u00catre\",\"url\":\"https:\/\/www.instantbeautebienetre.fr\/es\/\",\"logo\":{\"@type\":\"ImageObject\",\"inLanguage\":\"es\",\"@id\":\"https:\/\/www.instantbeautebienetre.fr\/es\/#\/schema\/logo\/image\/\",\"url\":\"https:\/\/www.instantbeautebienetre.fr\/wp-content\/uploads\/2023\/07\/cropped-pbn.png\",\"contentUrl\":\"https:\/\/www.instantbeautebienetre.fr\/wp-content\/uploads\/2023\/07\/cropped-pbn.png\",\"width\":263,\"height\":313,\"caption\":\"Instant Beaute Bien \u00catre\"},\"image\":{\"@id\":\"https:\/\/www.instantbeautebienetre.fr\/es\/#\/schema\/logo\/image\/\"}}]}<\/script>\n<!-- \/ Yoast SEO plugin. -->","yoast_head_json":{"title":"Belleza Instant\u00e1nea Bienestar > Inspiraciones para mejorar tu aspecto","robots":{"index":"index","follow":"follow","max-snippet":"max-snippet:-1","max-image-preview":"max-image-preview:large","max-video-preview":"max-video-preview:-1"},"canonical":"https:\/\/www.instantbeautebienetre.fr\/es\/","og_locale":"es_ES","og_type":"article","og_title":"Belleza Instant\u00e1nea Bienestar > Inspiraciones para mejorar tu aspecto","og_description":"Blog de belleza y bienestar : Consejos e inspiraci\u00f3n para mejorar tu aspecto \u00a1Hola a todos! Estoy encantada de volver hoy para compartir contigo mis \u00faltimos descubrimientos de belleza. En el orden del d\u00eda: trucos de maquillaje, cuidados faciales y corporales, consejos para el cabello e ideas para peinar las ... Voir plus","og_url":"https:\/\/www.instantbeautebienetre.fr\/es\/","og_site_name":"Instant Beaute Bien \u00catre","article_modified_time":"2026-04-09T11:30:13+00:00","og_image":[{"url":"https:\/\/www.instantbeautebienetre.fr\/wp-content\/uploads\/2023\/07\/articles-pbn-8-1-1024x576.jpg"}],"twitter_card":"summary_large_image","twitter_misc":{"Tiempo de lectura":"3 minutos"},"schema":{"@context":"https:\/\/schema.org","@graph":[{"@type":"WebPage","@id":"https:\/\/www.instantbeautebienetre.fr\/es\/","url":"https:\/\/www.instantbeautebienetre.fr\/es\/","name":"Belleza Instant\u00e1nea Bienestar > Inspiraciones para mejorar tu aspecto","isPartOf":{"@id":"https:\/\/www.instantbeautebienetre.fr\/es\/#website"},"primaryImageOfPage":{"@id":"https:\/\/www.instantbeautebienetre.fr\/es\/#primaryimage"},"image":{"@id":"https:\/\/www.instantbeautebienetre.fr\/es\/#primaryimage"},"thumbnailUrl":"https:\/\/www.instantbeautebienetre.fr\/wp-content\/uploads\/2023\/07\/articles-pbn-8-1-1024x576.jpg","datePublished":"2020-02-13T12:17:50+00:00","dateModified":"2026-04-09T11:30:13+00:00","breadcrumb":{"@id":"https:\/\/www.instantbeautebienetre.fr\/es\/#breadcrumb"},"inLanguage":"es","potentialAction":[{"@type":"ReadAction","target":["https:\/\/www.instantbeautebienetre.fr\/es\/"]}]},{"@type":"ImageObject","inLanguage":"es","@id":"https:\/\/www.instantbeautebienetre.fr\/es\/#primaryimage","url":"https:\/\/www.instantbeautebienetre.fr\/wp-content\/uploads\/2023\/07\/articles-pbn-8-1-1024x576.jpg","contentUrl":"https:\/\/www.instantbeautebienetre.fr\/wp-content\/uploads\/2023\/07\/articles-pbn-8-1-1024x576.jpg"},{"@type":"BreadcrumbList","@id":"https:\/\/www.instantbeautebienetre.fr\/es\/#breadcrumb","itemListElement":[{"@type":"ListItem","position":1,"name":"Accueil","item":"https:\/\/www.instantbeautebienetre.fr\/es\/consejos-e-inspiracion-para-mejorar-tu-aspecto\/"},{"@type":"ListItem","position":2,"name":"Consejos e inspiraci\u00f3n para mejorar tu aspecto"}]},{"@type":"WebSite","@id":"https:\/\/www.instantbeautebienetre.fr\/es\/#website","url":"https:\/\/www.instantbeautebienetre.fr\/es\/","name":"Instant Beaute Bien \u00catre","description":"","publisher":{"@id":"https:\/\/www.instantbeautebienetre.fr\/es\/#organization"},"potentialAction":[{"@type":"SearchAction","target":{"@type":"EntryPoint","urlTemplate":"https:\/\/www.instantbeautebienetre.fr\/es\/?s={search_term_string}"},"query-input":"required name=search_term_string"}],"inLanguage":"es"},{"@type":"Organization","@id":"https:\/\/www.instantbeautebienetre.fr\/es\/#organization","name":"Instant Beaute Bien \u00catre","url":"https:\/\/www.instantbeautebienetre.fr\/es\/","logo":{"@type":"ImageObject","inLanguage":"es","@id":"https:\/\/www.instantbeautebienetre.fr\/es\/#\/schema\/logo\/image\/","url":"https:\/\/www.instantbeautebienetre.fr\/wp-content\/uploads\/2023\/07\/cropped-pbn.png","contentUrl":"https:\/\/www.instantbeautebienetre.fr\/wp-content\/uploads\/2023\/07\/cropped-pbn.png","width":263,"height":313,"caption":"Instant Beaute Bien \u00catre"},"image":{"@id":"https:\/\/www.instantbeautebienetre.fr\/es\/#\/schema\/logo\/image\/"}}]}},"_links":{"self":[{"href":"https:\/\/www.instantbeautebienetre.fr\/es\/wp-json\/wp\/v2\/pages\/3848","targetHints":{"allow":["GET"]}}],"collection":[{"href":"https:\/\/www.instantbeautebienetre.fr\/es\/wp-json\/wp\/v2\/pages"}],"about":[{"href":"https:\/\/www.instantbeautebienetre.fr\/es\/wp-json\/wp\/v2\/types\/page"}],"author":[{"embeddable":true,"href":"https:\/\/www.instantbeautebienetre.fr\/es\/wp-json\/wp\/v2\/users\/1"}],"replies":[{"embeddable":true,"href":"https:\/\/www.instantbeautebienetre.fr\/es\/wp-json\/wp\/v2\/comments?post=3848"}],"version-history":[{"count":2,"href":"https:\/\/www.instantbeautebienetre.fr\/es\/wp-json\/wp\/v2\/pages\/3848\/revisions"}],"predecessor-version":[{"id":3860,"href":"https:\/\/www.instantbeautebienetre.fr\/es\/wp-json\/wp\/v2\/pages\/3848\/revisions\/3860"}],"wp:attachment":[{"href":"https:\/\/www.instantbeautebienetre.fr\/es\/wp-json\/wp\/v2\/media?parent=3848"}],"curies":[{"name":"wp","href":"https:\/\/api.w.org\/{rel}","templated":true}]}}